{"id":1188,"date":"2023-11-03T15:28:00","date_gmt":"2023-11-03T14:28:00","guid":{"rendered":"https:\/\/www.miramondetfils.com\/?page_id=1188"},"modified":"2023-11-03T15:41:58","modified_gmt":"2023-11-03T14:41:58","slug":"mentions-legales","status":"publish","type":"page","link":"https:\/\/www.miramondetfils.com\/index.php\/mentions-legales\/","title":{"rendered":"Mentions l\u00e9gales"},"content":{"rendered":"\n<div style=\"height:53px\" aria-hidden=\"true\" class=\"wp-block-spacer\"><\/div>\n\n\n\n<p class=\"wp-block-paragraph\"><strong>SARL MIRAMOND ET FILS<\/strong><\/p>\n\n\n\n<p class=\"wp-block-paragraph\"><strong>Nom commercial :<\/strong>\u00a0Miramond et fils<\/p>\n\n\n\n<p class=\"wp-block-paragraph\"><strong>Nom du site :<\/strong> www.miramondetfils.com<\/p>\n\n\n\n<p class=\"wp-block-paragraph\"><strong>RCS :<\/strong> Libourne 382684256 00011<\/p>\n\n\n\n<p class=\"wp-block-paragraph\"><strong>SIRET :<\/strong>38268425600011<\/p>\n\n\n\n<p class=\"wp-block-paragraph\"><strong>Adresse :<\/strong> 100 rue Michel Montaigne<br>33350 CASTILLON-LA-BATAILLE<\/p>\n\n\n\n<p class=\"wp-block-paragraph\"><strong>T\u00e9l\u00e9phone<\/strong> : 05 57 40 20 25<\/p>\n\n\n\n<p class=\"wp-block-paragraph\"><strong>Fax :<\/strong>05 57 40 37 64<\/p>\n\n\n\n<p class=\"wp-block-paragraph\"><strong>E-mail :<\/strong>contact@miramondetfils.com<\/p>\n\n\n\n<p class=\"wp-block-paragraph\"><strong>H\u00e9bergeur :<\/strong>OVH<br>2, Rue Kellermann &#8211; 59100 Roubaix<br>RCS Roubaix-Tourcoing 424 761 419 00045<br>T\u00e9l\u00e9phone : +33 (0)8 203 203 63<\/p>\n\n\n\n<p class=\"wp-block-paragraph\"><strong>Responsable de publication :<\/strong> Thomas Miramond<\/p>\n\n\n\n<div style=\"height:100px\" aria-hidden=\"true\" class=\"wp-block-spacer\"><\/div>\n","protected":false},"excerpt":{"rendered":"<p>SARL MIRAMOND ET FILS Nom commercial :\u00a0Miramond et fils Nom du site : www.miramondetfils.com RCS : Libourne 382684256 00011 SIRET :38268425600011 Adresse : 100 rue Michel Montaigne33350 CASTILLON-LA-BATAILLE T\u00e9l\u00e9phone : 05 57 40 20 25 Fax :05 57 40 37 64 E-mail :contact@miramondetfils.com H\u00e9bergeur :OVH2, Rue Kellermann &#8211; 59100 RoubaixRCS Roubaix-Tourcoing 424 761 419 00045T\u00e9l\u00e9phone &hellip; <\/p>\n<p class=\"link-more\"><a href=\"https:\/\/www.miramondetfils.com\/index.php\/mentions-legales\/\" class=\"more-link\">Read more<span class=\"screen-reader-text\"> &#8220;Mentions l\u00e9gales&#8221;<\/span><\/a><\/p>\n","protected":false},"author":1,"featured_media":0,"parent":0,"menu_order":0,"comment_status":"closed","ping_status":"closed","template":"","meta":{"_crdt_document":"","footnotes":""},"class_list":["post-1188","page","type-page","status-publish","hentry"],"yoast_head":"<!-- This site is optimized with the Yoast SEO plugin v27.4 - https:\/\/yoast.com\/product\/yoast-seo-wordpress\/ -->\n<title>Mentions l\u00e9gales -<\/title>\n<meta name=\"robots\" content=\"index, follow, max-snippet:-1, max-image-preview:large, max-video-preview:-1\" \/>\n<link rel=\"canonical\" href=\"https:\/\/www.miramondetfils.com\/index.php\/mentions-legales\/\" \/>\n<meta property=\"og:locale\" content=\"en_US\" \/>\n<meta property=\"og:type\" content=\"article\" \/>\n<meta property=\"og:title\" content=\"Mentions l\u00e9gales -\" \/>\n<meta property=\"og:description\" content=\"SARL MIRAMOND ET FILS Nom commercial :\u00a0Miramond et fils Nom du site : www.miramondetfils.com RCS : Libourne 382684256 00011 SIRET :38268425600011 Adresse : 100 rue Michel Montaigne33350 CASTILLON-LA-BATAILLE T\u00e9l\u00e9phone : 05 57 40 20 25 Fax :05 57 40 37 64 E-mail :contact@miramondetfils.com H\u00e9bergeur :OVH2, Rue Kellermann &#8211; 59100 RoubaixRCS Roubaix-Tourcoing 424 761 419 00045T\u00e9l\u00e9phone &hellip; Read more &quot;Mentions l\u00e9gales&quot;\" \/>\n<meta property=\"og:url\" content=\"https:\/\/www.miramondetfils.com\/index.php\/mentions-legales\/\" \/>\n<meta property=\"article:modified_time\" content=\"2023-11-03T14:41:58+00:00\" \/>\n<meta name=\"twitter:card\" content=\"summary_large_image\" \/>\n<meta name=\"twitter:label1\" content=\"Est. reading time\" \/>\n\t<meta name=\"twitter:data1\" content=\"1 minute\" \/>\n<script type=\"application\/ld+json\" class=\"yoast-schema-graph\">{\"@context\":\"https:\\\/\\\/schema.org\",\"@graph\":[{\"@type\":\"WebPage\",\"@id\":\"https:\\\/\\\/www.miramondetfils.com\\\/index.php\\\/mentions-legales\\\/\",\"url\":\"https:\\\/\\\/www.miramondetfils.com\\\/index.php\\\/mentions-legales\\\/\",\"name\":\"Mentions l\u00e9gales -\",\"isPartOf\":{\"@id\":\"https:\\\/\\\/www.miramondetfils.com\\\/#website\"},\"datePublished\":\"2023-11-03T14:28:00+00:00\",\"dateModified\":\"2023-11-03T14:41:58+00:00\",\"breadcrumb\":{\"@id\":\"https:\\\/\\\/www.miramondetfils.com\\\/index.php\\\/mentions-legales\\\/#breadcrumb\"},\"inLanguage\":\"en-US\",\"potentialAction\":[{\"@type\":\"ReadAction\",\"target\":[\"https:\\\/\\\/www.miramondetfils.com\\\/index.php\\\/mentions-legales\\\/\"]}]},{\"@type\":\"BreadcrumbList\",\"@id\":\"https:\\\/\\\/www.miramondetfils.com\\\/index.php\\\/mentions-legales\\\/#breadcrumb\",\"itemListElement\":[{\"@type\":\"ListItem\",\"position\":1,\"name\":\"Accueil\",\"item\":\"https:\\\/\\\/www.miramondetfils.com\\\/\"},{\"@type\":\"ListItem\",\"position\":2,\"name\":\"Mentions l\u00e9gales\"}]},{\"@type\":\"WebSite\",\"@id\":\"https:\\\/\\\/www.miramondetfils.com\\\/#website\",\"url\":\"https:\\\/\\\/www.miramondetfils.com\\\/\",\"name\":\"\",\"description\":\"Cuisine, dressing et menuiserie bois, alu et pvc\",\"potentialAction\":[{\"@type\":\"SearchAction\",\"target\":{\"@type\":\"EntryPoint\",\"urlTemplate\":\"https:\\\/\\\/www.miramondetfils.com\\\/?s={search_term_string}\"},\"query-input\":{\"@type\":\"PropertyValueSpecification\",\"valueRequired\":true,\"valueName\":\"search_term_string\"}}],\"inLanguage\":\"en-US\"}]}<\/script>\n<!-- \/ Yoast SEO plugin. -->","yoast_head_json":{"title":"Mentions l\u00e9gales -","robots":{"index":"index","follow":"follow","max-snippet":"max-snippet:-1","max-image-preview":"max-image-preview:large","max-video-preview":"max-video-preview:-1"},"canonical":"https:\/\/www.miramondetfils.com\/index.php\/mentions-legales\/","og_locale":"en_US","og_type":"article","og_title":"Mentions l\u00e9gales -","og_description":"SARL MIRAMOND ET FILS Nom commercial :\u00a0Miramond et fils Nom du site : www.miramondetfils.com RCS : Libourne 382684256 00011 SIRET :38268425600011 Adresse : 100 rue Michel Montaigne33350 CASTILLON-LA-BATAILLE T\u00e9l\u00e9phone : 05 57 40 20 25 Fax :05 57 40 37 64 E-mail :contact@miramondetfils.com H\u00e9bergeur :OVH2, Rue Kellermann &#8211; 59100 RoubaixRCS Roubaix-Tourcoing 424 761 419 00045T\u00e9l\u00e9phone &hellip; Read more \"Mentions l\u00e9gales\"","og_url":"https:\/\/www.miramondetfils.com\/index.php\/mentions-legales\/","article_modified_time":"2023-11-03T14:41:58+00:00","twitter_card":"summary_large_image","twitter_misc":{"Est. reading time":"1 minute"},"schema":{"@context":"https:\/\/schema.org","@graph":[{"@type":"WebPage","@id":"https:\/\/www.miramondetfils.com\/index.php\/mentions-legales\/","url":"https:\/\/www.miramondetfils.com\/index.php\/mentions-legales\/","name":"Mentions l\u00e9gales -","isPartOf":{"@id":"https:\/\/www.miramondetfils.com\/#website"},"datePublished":"2023-11-03T14:28:00+00:00","dateModified":"2023-11-03T14:41:58+00:00","breadcrumb":{"@id":"https:\/\/www.miramondetfils.com\/index.php\/mentions-legales\/#breadcrumb"},"inLanguage":"en-US","potentialAction":[{"@type":"ReadAction","target":["https:\/\/www.miramondetfils.com\/index.php\/mentions-legales\/"]}]},{"@type":"BreadcrumbList","@id":"https:\/\/www.miramondetfils.com\/index.php\/mentions-legales\/#breadcrumb","itemListElement":[{"@type":"ListItem","position":1,"name":"Accueil","item":"https:\/\/www.miramondetfils.com\/"},{"@type":"ListItem","position":2,"name":"Mentions l\u00e9gales"}]},{"@type":"WebSite","@id":"https:\/\/www.miramondetfils.com\/#website","url":"https:\/\/www.miramondetfils.com\/","name":"","description":"Cuisine, dressing et menuiserie bois, alu et pvc","potentialAction":[{"@type":"SearchAction","target":{"@type":"EntryPoint","urlTemplate":"https:\/\/www.miramondetfils.com\/?s={search_term_string}"},"query-input":{"@type":"PropertyValueSpecification","valueRequired":true,"valueName":"search_term_string"}}],"inLanguage":"en-US"}]}},"featured_media_urls":[],"_links":{"self":[{"href":"https:\/\/www.miramondetfils.com\/index.php\/wp-json\/wp\/v2\/pages\/1188","targetHints":{"allow":["GET"]}}],"collection":[{"href":"https:\/\/www.miramondetfils.com\/index.php\/wp-json\/wp\/v2\/pages"}],"about":[{"href":"https:\/\/www.miramondetfils.com\/index.php\/wp-json\/wp\/v2\/types\/page"}],"author":[{"embeddable":true,"href":"https:\/\/www.miramondetfils.com\/index.php\/wp-json\/wp\/v2\/users\/1"}],"replies":[{"embeddable":true,"href":"https:\/\/www.miramondetfils.com\/index.php\/wp-json\/wp\/v2\/comments?post=1188"}],"version-history":[{"count":2,"href":"https:\/\/www.miramondetfils.com\/index.php\/wp-json\/wp\/v2\/pages\/1188\/revisions"}],"predecessor-version":[{"id":1195,"href":"https:\/\/www.miramondetfils.com\/index.php\/wp-json\/wp\/v2\/pages\/1188\/revisions\/1195"}],"wp:attachment":[{"href":"https:\/\/www.miramondetfils.com\/index.php\/wp-json\/wp\/v2\/media?parent=1188"}],"curies":[{"name":"wp","href":"https:\/\/api.w.org\/{rel}","templated":true}]}}